{"id":17,"date":"2018-04-09T11:44:21","date_gmt":"2018-04-09T11:44:21","guid":{"rendered":"https:\/\/www.grupofabrica.com\/propostas\/triagemcerta\/?page_id=17"},"modified":"2018-11-28T09:38:40","modified_gmt":"2018-11-28T09:38:40","slug":"areas","status":"publish","type":"page","link":"https:\/\/www.triagemcerta.com\/?page_id=17","title":{"rendered":"\u00c1reas de Interven\u00e7\u00e3o"},"content":{"rendered":"\t\t<div data-elementor-type=\"wp-post\" data-elementor-id=\"17\" class=\"elementor elementor-17 elementor-bc-flex-widget\">\n\t\t\t\t\t\t<section class=\"elementor-section elementor-top-section elementor-element elementor-element-9280c33 elementor-section-boxed elementor-section-height-default elementor-section-height-default\" data-id=\"9280c33\" data-element_type=\"section\">\n\t\t\t\t\t\t<div class=\"elementor-container elementor-column-gap-default\">\n\t\t\t\t\t<div class=\"elementor-column elementor-col-100 elementor-top-column elementor-element elementor-element-d94073a\" data-id=\"d94073a\" data-element_type=\"column\">\n\t\t\t<div class=\"elementor-widget-wrap elementor-element-populated\">\n\t\t\t\t\t\t<div class=\"elementor-element elementor-element-08e663d elementor-widget elementor-widget-text-editor\" data-id=\"08e663d\" data-element_type=\"widget\" data-widget_type=\"text-editor.default\">\n\t\t\t\t<div class=\"elementor-widget-container\">\n\t\t\t\t\t\t\t\t\t<p><strong>Os servi\u00e7os prestados baseiam-se no dom\u00ednio das especialidades de engenharia relacionadas com o Frio e Climatiza\u00e7\u00e3o, nomeadamente:<\/strong><\/p>\t\t\t\t\t\t\t\t<\/div>\n\t\t\t\t<\/div>\n\t\t\t\t\t<\/div>\n\t\t<\/div>\n\t\t\t\t\t<\/div>\n\t\t<\/section>\n\t\t\t\t<section class=\"elementor-section elementor-top-section elementor-element elementor-element-6b6ae67 elementor-section-boxed elementor-section-height-default elementor-section-height-default\" data-id=\"6b6ae67\" data-element_type=\"section\">\n\t\t\t\t\t\t<div class=\"elementor-container elementor-column-gap-default\">\n\t\t\t\t\t<div class=\"elementor-column elementor-col-100 elementor-top-column elementor-element elementor-element-5e85d3f\" data-id=\"5e85d3f\" data-element_type=\"column\">\n\t\t\t<div class=\"elementor-widget-wrap elementor-element-populated\">\n\t\t\t\t\t\t<div class=\"elementor-element elementor-element-ee1f201 elementor-icon-list--layout-traditional elementor-list-item-link-full_width elementor-widget elementor-widget-icon-list\" data-id=\"ee1f201\" data-element_type=\"widget\" data-widget_type=\"icon-list.default\">\n\t\t\t\t<div class=\"elementor-widget-container\">\n\t\t\t\t\t\t\t<ul class=\"elementor-icon-list-items\">\n\t\t\t\t\t\t\t<li class=\"elementor-icon-list-item\">\n\t\t\t\t\t\t\t\t\t\t\t<span class=\"elementor-icon-list-icon\">\n\t\t\t\t\t\t\t\t\t\t\t\t\t\t\t\t<i class=\"fa fa-check\" aria-hidden=\"true\"><\/i>\n\t\t\t\t\t\t\t\t\t\t\t\t\t<\/span>\n\t\t\t\t\t\t\t\t\t\t<span class=\"elementor-icon-list-text\">Fiscaliza\u00e7\u00e3o de empreitadas de Frio Comercial e Industrial<\/span>\n\t\t\t\t\t\t\t\t\t<\/li>\n\t\t\t\t\t\t\t\t<li class=\"elementor-icon-list-item\">\n\t\t\t\t\t\t\t\t\t\t\t<span class=\"elementor-icon-list-icon\">\n\t\t\t\t\t\t\t\t\t\t\t\t\t\t\t\t<i class=\"fa fa-check\" aria-hidden=\"true\"><\/i>\n\t\t\t\t\t\t\t\t\t\t\t\t\t<\/span>\n\t\t\t\t\t\t\t\t\t\t<span class=\"elementor-icon-list-text\">Elabora\u00e7\u00e3o de Projectos e Cadernos de Encargos<\/span>\n\t\t\t\t\t\t\t\t\t<\/li>\n\t\t\t\t\t\t\t\t<li class=\"elementor-icon-list-item\">\n\t\t\t\t\t\t\t\t\t\t\t<span class=\"elementor-icon-list-icon\">\n\t\t\t\t\t\t\t\t\t\t\t\t\t\t\t\t<i class=\"fa fa-check\" aria-hidden=\"true\"><\/i>\n\t\t\t\t\t\t\t\t\t\t\t\t\t<\/span>\n\t\t\t\t\t\t\t\t\t\t<span class=\"elementor-icon-list-text\">Prepara\u00e7\u00e3o de Concursos e Avalia\u00e7\u00e3o de Propostas<\/span>\n\t\t\t\t\t\t\t\t\t<\/li>\n\t\t\t\t\t\t\t\t<li class=\"elementor-icon-list-item\">\n\t\t\t\t\t\t\t\t\t\t\t<span class=\"elementor-icon-list-icon\">\n\t\t\t\t\t\t\t\t\t\t\t\t\t\t\t\t<i class=\"fa fa-check\" aria-hidden=\"true\"><\/i>\n\t\t\t\t\t\t\t\t\t\t\t\t\t<\/span>\n\t\t\t\t\t\t\t\t\t\t<span class=\"elementor-icon-list-text\">Estudos de Consumos Energ\u00e9ticos em Instala\u00e7\u00f5es de Refrigera\u00e7\u00e3o e de Climatiza\u00e7\u00e3o<\/span>\n\t\t\t\t\t\t\t\t\t<\/li>\n\t\t\t\t\t\t\t\t<li class=\"elementor-icon-list-item\">\n\t\t\t\t\t\t\t\t\t\t\t<span class=\"elementor-icon-list-icon\">\n\t\t\t\t\t\t\t\t\t\t\t\t\t\t\t\t<i class=\"fa fa-check\" aria-hidden=\"true\"><\/i>\n\t\t\t\t\t\t\t\t\t\t\t\t\t<\/span>\n\t\t\t\t\t\t\t\t\t\t<span class=\"elementor-icon-list-text\">Inspec\u00e7\u00e3o a Instala\u00e7\u00f5es Frigor\u00edficas e de AVAC<\/span>\n\t\t\t\t\t\t\t\t\t<\/li>\n\t\t\t\t\t\t\t\t<li class=\"elementor-icon-list-item\">\n\t\t\t\t\t\t\t\t\t\t\t<span class=\"elementor-icon-list-icon\">\n\t\t\t\t\t\t\t\t\t\t\t\t\t\t\t\t<i class=\"fa fa-check\" aria-hidden=\"true\"><\/i>\n\t\t\t\t\t\t\t\t\t\t\t\t\t<\/span>\n\t\t\t\t\t\t\t\t\t\t<span class=\"elementor-icon-list-text\">Fiscaliza\u00e7\u00e3o de empreitadas de AVAC<\/span>\n\t\t\t\t\t\t\t\t\t<\/li>\n\t\t\t\t\t\t\t\t<li class=\"elementor-icon-list-item\">\n\t\t\t\t\t\t\t\t\t\t\t<span class=\"elementor-icon-list-icon\">\n\t\t\t\t\t\t\t\t\t\t\t\t\t\t\t\t<i class=\"fa fa-check\" aria-hidden=\"true\"><\/i>\n\t\t\t\t\t\t\t\t\t\t\t\t\t<\/span>\n\t\t\t\t\t\t\t\t\t\t<span class=\"elementor-icon-list-text\">Avalia\u00e7\u00e3o de Instala\u00e7\u00f5es Frigor\u00edficas e de AVAC<\/span>\n\t\t\t\t\t\t\t\t\t<\/li>\n\t\t\t\t\t\t\t\t<li class=\"elementor-icon-list-item\">\n\t\t\t\t\t\t\t\t\t\t\t<span class=\"elementor-icon-list-icon\">\n\t\t\t\t\t\t\t\t\t\t\t\t\t\t\t\t<i class=\"fa fa-check\" aria-hidden=\"true\"><\/i>\n\t\t\t\t\t\t\t\t\t\t\t\t\t<\/span>\n\t\t\t\t\t\t\t\t\t\t<span class=\"elementor-icon-list-text\">Consultorias Diversas<\/span>\n\t\t\t\t\t\t\t\t\t<\/li>\n\t\t\t\t\t\t<\/ul>\n\t\t\t\t\t\t<\/div>\n\t\t\t\t<\/div>\n\t\t\t\t<div class=\"elementor-element elementor-element-e9dc104 elementor-widget elementor-widget-image-gallery\" data-id=\"e9dc104\" data-element_type=\"widget\" data-widget_type=\"image-gallery.default\">\n\t\t\t\t<div class=\"elementor-widget-container\">\n\t\t\t\t\t\t\t<div class=\"elementor-image-gallery\">\n\t\t\t<div id='gallery-1' class='gallery galleryid-17 gallery-columns-5 gallery-size-medium'><figure class='gallery-item'>\n\t\t\t<div class='gallery-icon landscape'>\n\t\t\t\t<a data-elementor-open-lightbox=\"yes\" data-elementor-lightbox-slideshow=\"e9dc104\" data-elementor-lightbox-title=\"OLYMPUS DIGITAL CAMERA\" data-e-action-hash=\"#elementor-action%3Aaction%3Dlightbox%26settings%3DeyJpZCI6NTU1LCJ1cmwiOiJodHRwczpcL1wvd3d3LnRyaWFnZW1jZXJ0YS5jb21cL3dwLWNvbnRlbnRcL3VwbG9hZHNcLzIwMThcLzEwXC9Gb3RvLUxvamFzLVNvbmFlLU1DXzMuanBnIiwic2xpZGVzaG93IjoiZTlkYzEwNCJ9\" href='https:\/\/www.triagemcerta.com\/wp-content\/uploads\/2018\/10\/Foto-Lojas-Sonae-MC_3.jpg'><img fetchpriority=\"high\" decoding=\"async\" width=\"300\" height=\"225\" src=\"https:\/\/www.triagemcerta.com\/wp-content\/uploads\/2018\/10\/Foto-Lojas-Sonae-MC_3-300x225.jpg\" class=\"attachment-medium size-medium\" alt=\"\" aria-describedby=\"gallery-1-555\" srcset=\"https:\/\/www.triagemcerta.com\/wp-content\/uploads\/2018\/10\/Foto-Lojas-Sonae-MC_3-300x225.jpg 300w, https:\/\/www.triagemcerta.com\/wp-content\/uploads\/2018\/10\/Foto-Lojas-Sonae-MC_3-768x576.jpg 768w, https:\/\/www.triagemcerta.com\/wp-content\/uploads\/2018\/10\/Foto-Lojas-Sonae-MC_3-1024x768.jpg 1024w, https:\/\/www.triagemcerta.com\/wp-content\/uploads\/2018\/10\/Foto-Lojas-Sonae-MC_3-830x623.jpg 830w, https:\/\/www.triagemcerta.com\/wp-content\/uploads\/2018\/10\/Foto-Lojas-Sonae-MC_3-230x173.jpg 230w, https:\/\/www.triagemcerta.com\/wp-content\/uploads\/2018\/10\/Foto-Lojas-Sonae-MC_3-350x263.jpg 350w, https:\/\/www.triagemcerta.com\/wp-content\/uploads\/2018\/10\/Foto-Lojas-Sonae-MC_3-480x360.jpg 480w\" sizes=\"(max-width: 300px) 100vw, 300px\" \/><\/a>\n\t\t\t<\/div>\n\t\t\t\t<figcaption class='wp-caption-text gallery-caption' id='gallery-1-555'>\n\t\t\t\tLojas Sonae\n\t\t\t\t<\/figcaption><\/figure><figure class='gallery-item'>\n\t\t\t<div class='gallery-icon landscape'>\n\t\t\t\t<a data-elementor-open-lightbox=\"yes\" data-elementor-lightbox-slideshow=\"e9dc104\" data-elementor-lightbox-title=\"OLYMPUS DIGITAL CAMERA\" data-e-action-hash=\"#elementor-action%3Aaction%3Dlightbox%26settings%3DeyJpZCI6NTU2LCJ1cmwiOiJodHRwczpcL1wvd3d3LnRyaWFnZW1jZXJ0YS5jb21cL3dwLWNvbnRlbnRcL3VwbG9hZHNcLzIwMThcLzEwXC9Gb3RvLUludHJlcG9zdG8tSW50ZXJtYXJjaFx1MDBlOV8xLmpwZyIsInNsaWRlc2hvdyI6ImU5ZGMxMDQifQ%3D%3D\" href='https:\/\/www.triagemcerta.com\/wp-content\/uploads\/2018\/10\/Foto-Intreposto-Intermarch\u00e9_1.jpg'><img decoding=\"async\" width=\"300\" height=\"225\" src=\"https:\/\/www.triagemcerta.com\/wp-content\/uploads\/2018\/10\/Foto-Intreposto-Intermarch\u00e9_1-300x225.jpg\" class=\"attachment-medium size-medium\" alt=\"\" aria-describedby=\"gallery-1-556\" srcset=\"https:\/\/www.triagemcerta.com\/wp-content\/uploads\/2018\/10\/Foto-Intreposto-Intermarch\u00e9_1-300x225.jpg 300w, https:\/\/www.triagemcerta.com\/wp-content\/uploads\/2018\/10\/Foto-Intreposto-Intermarch\u00e9_1-768x576.jpg 768w, https:\/\/www.triagemcerta.com\/wp-content\/uploads\/2018\/10\/Foto-Intreposto-Intermarch\u00e9_1-1024x768.jpg 1024w, https:\/\/www.triagemcerta.com\/wp-content\/uploads\/2018\/10\/Foto-Intreposto-Intermarch\u00e9_1-830x623.jpg 830w, https:\/\/www.triagemcerta.com\/wp-content\/uploads\/2018\/10\/Foto-Intreposto-Intermarch\u00e9_1-230x173.jpg 230w, https:\/\/www.triagemcerta.com\/wp-content\/uploads\/2018\/10\/Foto-Intreposto-Intermarch\u00e9_1-350x263.jpg 350w, https:\/\/www.triagemcerta.com\/wp-content\/uploads\/2018\/10\/Foto-Intreposto-Intermarch\u00e9_1-480x360.jpg 480w\" sizes=\"(max-width: 300px) 100vw, 300px\" \/><\/a>\n\t\t\t<\/div>\n\t\t\t\t<figcaption class='wp-caption-text gallery-caption' id='gallery-1-556'>\n\t\t\t\tIntreposto Intermarch\u00e9\n\t\t\t\t<\/figcaption><\/figure><figure class='gallery-item'>\n\t\t\t<div class='gallery-icon landscape'>\n\t\t\t\t<a data-elementor-open-lightbox=\"yes\" data-elementor-lightbox-slideshow=\"e9dc104\" data-elementor-lightbox-title=\"Por cima de c\u00e2maras de Entreposto Intermarch\u00e9 Alcanena \u2013 Fiscaliza\u00e7\u00e3o\" data-e-action-hash=\"#elementor-action%3Aaction%3Dlightbox%26settings%3DeyJpZCI6NTYxLCJ1cmwiOiJodHRwczpcL1wvd3d3LnRyaWFnZW1jZXJ0YS5jb21cL3dwLWNvbnRlbnRcL3VwbG9hZHNcLzIwMThcLzEwXC9Gb3RvLUludHJlcG9zdG8tSW50ZXJtYXJjaFx1MDBlOV8yLmpwZyIsInNsaWRlc2hvdyI6ImU5ZGMxMDQifQ%3D%3D\" href='https:\/\/www.triagemcerta.com\/wp-content\/uploads\/2018\/10\/Foto-Intreposto-Intermarch\u00e9_2.jpg'><img decoding=\"async\" width=\"300\" height=\"225\" src=\"https:\/\/www.triagemcerta.com\/wp-content\/uploads\/2018\/10\/Foto-Intreposto-Intermarch\u00e9_2-300x225.jpg\" class=\"attachment-medium size-medium\" alt=\"\" aria-describedby=\"gallery-1-561\" srcset=\"https:\/\/www.triagemcerta.com\/wp-content\/uploads\/2018\/10\/Foto-Intreposto-Intermarch\u00e9_2-300x225.jpg 300w, https:\/\/www.triagemcerta.com\/wp-content\/uploads\/2018\/10\/Foto-Intreposto-Intermarch\u00e9_2-768x576.jpg 768w, https:\/\/www.triagemcerta.com\/wp-content\/uploads\/2018\/10\/Foto-Intreposto-Intermarch\u00e9_2-1024x768.jpg 1024w, https:\/\/www.triagemcerta.com\/wp-content\/uploads\/2018\/10\/Foto-Intreposto-Intermarch\u00e9_2-830x623.jpg 830w, https:\/\/www.triagemcerta.com\/wp-content\/uploads\/2018\/10\/Foto-Intreposto-Intermarch\u00e9_2-230x173.jpg 230w, https:\/\/www.triagemcerta.com\/wp-content\/uploads\/2018\/10\/Foto-Intreposto-Intermarch\u00e9_2-350x263.jpg 350w, https:\/\/www.triagemcerta.com\/wp-content\/uploads\/2018\/10\/Foto-Intreposto-Intermarch\u00e9_2-480x360.jpg 480w\" sizes=\"(max-width: 300px) 100vw, 300px\" \/><\/a>\n\t\t\t<\/div>\n\t\t\t\t<figcaption class='wp-caption-text gallery-caption' id='gallery-1-561'>\n\t\t\t\tEntrepostos\n\t\t\t\t<\/figcaption><\/figure><figure class='gallery-item'>\n\t\t\t<div class='gallery-icon landscape'>\n\t\t\t\t<a data-elementor-open-lightbox=\"yes\" data-elementor-lightbox-slideshow=\"e9dc104\" data-elementor-lightbox-title=\"OLYMPUS DIGITAL CAMERA\" data-e-action-hash=\"#elementor-action%3Aaction%3Dlightbox%26settings%3DeyJpZCI6NTkxLCJ1cmwiOiJodHRwczpcL1wvd3d3LnRyaWFnZW1jZXJ0YS5jb21cL3dwLWNvbnRlbnRcL3VwbG9hZHNcLzIwMThcLzEwXC9SZW1vZGVsYVx1MDBlN1x1MDBlM28tTURMLUJhcnJlaXJvLmpwZyIsInNsaWRlc2hvdyI6ImU5ZGMxMDQifQ%3D%3D\" href='https:\/\/www.triagemcerta.com\/wp-content\/uploads\/2018\/10\/Remodela\u00e7\u00e3o-MDL-Barreiro.jpg'><img loading=\"lazy\" decoding=\"async\" width=\"300\" height=\"225\" src=\"https:\/\/www.triagemcerta.com\/wp-content\/uploads\/2018\/10\/Remodela\u00e7\u00e3o-MDL-Barreiro-300x225.jpg\" class=\"attachment-medium size-medium\" alt=\"\" aria-describedby=\"gallery-1-591\" srcset=\"https:\/\/www.triagemcerta.com\/wp-content\/uploads\/2018\/10\/Remodela\u00e7\u00e3o-MDL-Barreiro-300x225.jpg 300w, https:\/\/www.triagemcerta.com\/wp-content\/uploads\/2018\/10\/Remodela\u00e7\u00e3o-MDL-Barreiro-768x576.jpg 768w, https:\/\/www.triagemcerta.com\/wp-content\/uploads\/2018\/10\/Remodela\u00e7\u00e3o-MDL-Barreiro-1024x768.jpg 1024w, https:\/\/www.triagemcerta.com\/wp-content\/uploads\/2018\/10\/Remodela\u00e7\u00e3o-MDL-Barreiro-830x623.jpg 830w, https:\/\/www.triagemcerta.com\/wp-content\/uploads\/2018\/10\/Remodela\u00e7\u00e3o-MDL-Barreiro-230x173.jpg 230w, https:\/\/www.triagemcerta.com\/wp-content\/uploads\/2018\/10\/Remodela\u00e7\u00e3o-MDL-Barreiro-350x263.jpg 350w, https:\/\/www.triagemcerta.com\/wp-content\/uploads\/2018\/10\/Remodela\u00e7\u00e3o-MDL-Barreiro-480x360.jpg 480w\" sizes=\"(max-width: 300px) 100vw, 300px\" \/><\/a>\n\t\t\t<\/div>\n\t\t\t\t<figcaption class='wp-caption-text gallery-caption' id='gallery-1-591'>\n\t\t\t\tSuperf\u00edcies Comerciais\n\t\t\t\t<\/figcaption><\/figure><figure class='gallery-item'>\n\t\t\t<div class='gallery-icon landscape'>\n\t\t\t\t<a data-elementor-open-lightbox=\"yes\" data-elementor-lightbox-slideshow=\"e9dc104\" data-elementor-lightbox-title=\"OLYMPUS DIGITAL CAMERA\" data-e-action-hash=\"#elementor-action%3Aaction%3Dlightbox%26settings%3DeyJpZCI6NTkwLCJ1cmwiOiJodHRwczpcL1wvd3d3LnRyaWFnZW1jZXJ0YS5jb21cL3dwLWNvbnRlbnRcL3VwbG9hZHNcLzIwMThcLzEwXC9JbnRlcm1hcmNoXHUwMGU5XzMuanBnIiwic2xpZGVzaG93IjoiZTlkYzEwNCJ9\" href='https:\/\/www.triagemcerta.com\/wp-content\/uploads\/2018\/10\/Intermarch\u00e9_3.jpg'><img loading=\"lazy\" decoding=\"async\" width=\"300\" height=\"225\" src=\"https:\/\/www.triagemcerta.com\/wp-content\/uploads\/2018\/10\/Intermarch\u00e9_3-300x225.jpg\" class=\"attachment-medium size-medium\" alt=\"\" aria-describedby=\"gallery-1-590\" srcset=\"https:\/\/www.triagemcerta.com\/wp-content\/uploads\/2018\/10\/Intermarch\u00e9_3-300x225.jpg 300w, https:\/\/www.triagemcerta.com\/wp-content\/uploads\/2018\/10\/Intermarch\u00e9_3-768x576.jpg 768w, https:\/\/www.triagemcerta.com\/wp-content\/uploads\/2018\/10\/Intermarch\u00e9_3-1024x768.jpg 1024w, https:\/\/www.triagemcerta.com\/wp-content\/uploads\/2018\/10\/Intermarch\u00e9_3-830x623.jpg 830w, https:\/\/www.triagemcerta.com\/wp-content\/uploads\/2018\/10\/Intermarch\u00e9_3-230x173.jpg 230w, https:\/\/www.triagemcerta.com\/wp-content\/uploads\/2018\/10\/Intermarch\u00e9_3-350x263.jpg 350w, https:\/\/www.triagemcerta.com\/wp-content\/uploads\/2018\/10\/Intermarch\u00e9_3-480x360.jpg 480w\" sizes=\"(max-width: 300px) 100vw, 300px\" \/><\/a>\n\t\t\t<\/div>\n\t\t\t\t<figcaption class='wp-caption-text gallery-caption' id='gallery-1-590'>\n\t\t\t\tFiscaliza\u00e7\u00e3o\n\t\t\t\t<\/figcaption><\/figure>\n\t\t<\/div>\n\t\t<\/div>\n\t\t\t\t\t\t<\/div>\n\t\t\t\t<\/div>\n\t\t\t\t\t<\/div>\n\t\t<\/div>\n\t\t\t\t\t<\/div>\n\t\t<\/section>\n\t\t\t\t<\/div>\n\t\t","protected":false},"excerpt":{"rendered":"<p>Os servi\u00e7os prestados baseiam-se no dom\u00ednio das especialidades de engenharia relacionadas com o Frio e Climatiza\u00e7\u00e3o, nomeadamente: Fiscaliza\u00e7\u00e3o de empreitadas de Frio Comercial e Industrial Elabora\u00e7\u00e3o de Projectos e Cadernos de Encargos Prepara\u00e7\u00e3o de Concursos e Avalia\u00e7\u00e3o de Propostas Estudos de Consumos Energ\u00e9ticos em Instala\u00e7\u00f5es de Refrigera\u00e7\u00e3o e de Climatiza\u00e7\u00e3o Inspec\u00e7\u00e3o a Instala\u00e7\u00f5es Frigor\u00edficas e [&hellip;]<\/p>\n","protected":false},"author":1,"featured_media":0,"parent":0,"menu_order":0,"comment_status":"closed","ping_status":"closed","template":"page-templates\/page_fullwidth.php","meta":{"footnotes":""},"class_list":["post-17","page","type-page","status-publish","hentry"],"_links":{"self":[{"href":"https:\/\/www.triagemcerta.com\/index.php?rest_route=\/wp\/v2\/pages\/17","targetHints":{"allow":["GET"]}}],"collection":[{"href":"https:\/\/www.triagemcerta.com\/index.php?rest_route=\/wp\/v2\/pages"}],"about":[{"href":"https:\/\/www.triagemcerta.com\/index.php?rest_route=\/wp\/v2\/types\/page"}],"author":[{"embeddable":true,"href":"https:\/\/www.triagemcerta.com\/index.php?rest_route=\/wp\/v2\/users\/1"}],"replies":[{"embeddable":true,"href":"https:\/\/www.triagemcerta.com\/index.php?rest_route=%2Fwp%2Fv2%2Fcomments&post=17"}],"version-history":[{"count":32,"href":"https:\/\/www.triagemcerta.com\/index.php?rest_route=\/wp\/v2\/pages\/17\/revisions"}],"predecessor-version":[{"id":619,"href":"https:\/\/www.triagemcerta.com\/index.php?rest_route=\/wp\/v2\/pages\/17\/revisions\/619"}],"wp:attachment":[{"href":"https:\/\/www.triagemcerta.com\/index.php?rest_route=%2Fwp%2Fv2%2Fmedia&parent=17"}],"curies":[{"name":"wp","href":"https:\/\/api.w.org\/{rel}","templated":true}]}}